{"id":630,"date":"2024-11-11T18:16:41","date_gmt":"2024-11-11T18:16:41","guid":{"rendered":"https:\/\/www.prajzko-hronov.cz\/?page_id=630"},"modified":"2024-11-11T18:16:41","modified_gmt":"2024-11-11T18:16:41","slug":"snidanove-menu","status":"publish","type":"page","link":"https:\/\/www.prajzko-hronov.cz\/?page_id=630","title":{"rendered":"Sn\u00edda\u0148ov\u00e9 menu"},"content":{"rendered":"\n<p class=\"has-text-align-center\">SN\u00cdDAN\u011a 1.<br>4ks m\u00edchan\u00e1 vaj\u00ed\u010dka na cibulce + pe\u010divo<br><br>SN\u00cdDAN\u011a 2.<br>Hemenex (3ks s\u00e1zen\u00e9 vejce s\u00a0uzeninou)+ pe\u010divo<br><br>SN\u00cdDAN\u011a 3.<br>6ks V\u00edde\u0148sk\u00e9 minip\u00e1re\u010dky + ho\u0159\u010dic+pe\u010divo<br><br>SN\u00cdDAN\u011a4.<br>3ks Pala\u010dinka s\u00a0Nutellou ( marmel\u00e1dou) , \u0161leha\u010dka\u00a0<br><br>KA\u017dD\u00c1 SN\u00cdDAN\u011a SE SKL\u00c1DA Z: \u0160UNKA, S\u00ddR, UZENINA, M\u00c1SLO, D\u017dEM, MED, PA\u0160TIKA, K\u00c1VA, \u010cAJ, D\u017dUS.<\/p>\n","protected":false},"excerpt":{"rendered":"<p>SN\u00cdDAN\u011a 1.4ks m\u00edchan\u00e1 vaj\u00ed\u010dka na cibulce + pe\u010divo SN\u00cdDAN\u011a 2.Hemenex (3ks s\u00e1zen\u00e9 vejce s\u00a0uzeninou)+ pe\u010divo SN\u00cdDAN\u011a 3.6ks V\u00edde\u0148sk\u00e9 minip\u00e1re\u010dky + ho\u0159\u010dic+pe\u010divo SN\u00cdDAN\u011a4.3ks Pala\u010dinka s\u00a0Nutellou ( marmel\u00e1dou) , \u0161leha\u010dka\u00a0 KA\u017dD\u00c1 SN\u00cdDAN\u011a SE SKL\u00c1DA Z: \u0160UNKA, S\u00ddR, UZENINA, M\u00c1SLO, D\u017dEM, MED, PA\u0160TIKA, &hellip; <\/p>\n<div class=\"read-more\"><a href=\"https:\/\/www.prajzko-hronov.cz\/?page_id=630\" class=\"more-link\">Read More<\/a><\/div>\n","protected":false},"author":2,"featured_media":0,"parent":0,"menu_order":0,"comment_status":"closed","ping_status":"closed","template":"","meta":{"footnotes":""},"class_list":["post-630","page","type-page","status-publish","hentry","entry"],"_links":{"self":[{"href":"https:\/\/www.prajzko-hronov.cz\/index.php?rest_route=\/wp\/v2\/pages\/630","targetHints":{"allow":["GET"]}}],"collection":[{"href":"https:\/\/www.prajzko-hronov.cz\/index.php?rest_route=\/wp\/v2\/pages"}],"about":[{"href":"https:\/\/www.prajzko-hronov.cz\/index.php?rest_route=\/wp\/v2\/types\/page"}],"author":[{"embeddable":true,"href":"https:\/\/www.prajzko-hronov.cz\/index.php?rest_route=\/wp\/v2\/users\/2"}],"replies":[{"embeddable":true,"href":"https:\/\/www.prajzko-hronov.cz\/index.php?rest_route=%2Fwp%2Fv2%2Fcomments&post=630"}],"version-history":[{"count":1,"href":"https:\/\/www.prajzko-hronov.cz\/index.php?rest_route=\/wp\/v2\/pages\/630\/revisions"}],"predecessor-version":[{"id":631,"href":"https:\/\/www.prajzko-hronov.cz\/index.php?rest_route=\/wp\/v2\/pages\/630\/revisions\/631"}],"wp:attachment":[{"href":"https:\/\/www.prajzko-hronov.cz\/index.php?rest_route=%2Fwp%2Fv2%2Fmedia&parent=630"}],"curies":[{"name":"wp","href":"https:\/\/api.w.org\/{rel}","templated":true}]}}