{"id":18,"date":"2024-03-23T08:47:27","date_gmt":"2024-03-23T08:47:27","guid":{"rendered":"http:\/\/www.prajzko-hronov.cz\/?page_id=18"},"modified":"2024-09-02T14:44:01","modified_gmt":"2024-09-02T14:44:01","slug":"kontakty","status":"publish","type":"page","link":"https:\/\/www.prajzko-hronov.cz\/?page_id=18","title":{"rendered":"Kontakty"},"content":{"rendered":"\n<p><a href=\"https:\/\/www.facebook.com\/UPilouse\/\" target=\"_blank\" rel=\"noreferrer noopener\">Sledujte na\u0161e Facebookov\u00e9 str\u00e1nky s aktu\u00e1ln\u00edm j\u00eddeln\u00edm l\u00edstkem<\/a><\/p>\n\n\n\n<figure class=\"wp-block-image size-full\"><img loading=\"lazy\" decoding=\"async\" width=\"318\" height=\"159\" src=\"http:\/\/www.prajzko-hronov.cz\/wp-content\/uploads\/2024\/09\/facebook.png\" alt=\"\" class=\"wp-image-442\" srcset=\"https:\/\/www.prajzko-hronov.cz\/wp-content\/uploads\/2024\/09\/facebook.png 318w, https:\/\/www.prajzko-hronov.cz\/wp-content\/uploads\/2024\/09\/facebook-300x150.png 300w\" sizes=\"auto, (max-width: 318px) 100vw, 318px\" \/><\/figure>\n\n\n\n<p><strong>Kontakt<\/strong><br>Tom\u00e1\u0161 Bernard <br>Dolsk\u00e1 17 Hronov 549 31<br>mobil: 774 263 983 \/ 777 883 895&nbsp;<br>Provozovna Husova 223<br>549 31 Hronov<\/p>\n\n\n\n<p>I\u010c: 876 71 093<br>DI\u010c. CZ 8106073228<\/p>\n","protected":false},"excerpt":{"rendered":"<p>Sledujte na\u0161e Facebookov\u00e9 str\u00e1nky s aktu\u00e1ln\u00edm j\u00eddeln\u00edm l\u00edstkem KontaktTom\u00e1\u0161 Bernard Dolsk\u00e1 17 Hronov 549 31mobil: 774 263 983 \/ 777 883 895&nbsp;Provozovna Husova 223549 31 Hronov I\u010c: 876 71 093DI\u010c. CZ 8106073228<\/p>\n","protected":false},"author":1,"featured_media":0,"parent":0,"menu_order":0,"comment_status":"closed","ping_status":"closed","template":"","meta":{"footnotes":""},"class_list":["post-18","page","type-page","status-publish","hentry","entry"],"_links":{"self":[{"href":"https:\/\/www.prajzko-hronov.cz\/index.php?rest_route=\/wp\/v2\/pages\/18","targetHints":{"allow":["GET"]}}],"collection":[{"href":"https:\/\/www.prajzko-hronov.cz\/index.php?rest_route=\/wp\/v2\/pages"}],"about":[{"href":"https:\/\/www.prajzko-hronov.cz\/index.php?rest_route=\/wp\/v2\/types\/page"}],"author":[{"embeddable":true,"href":"https:\/\/www.prajzko-hronov.cz\/index.php?rest_route=\/wp\/v2\/users\/1"}],"replies":[{"embeddable":true,"href":"https:\/\/www.prajzko-hronov.cz\/index.php?rest_route=%2Fwp%2Fv2%2Fcomments&post=18"}],"version-history":[{"count":3,"href":"https:\/\/www.prajzko-hronov.cz\/index.php?rest_route=\/wp\/v2\/pages\/18\/revisions"}],"predecessor-version":[{"id":443,"href":"https:\/\/www.prajzko-hronov.cz\/index.php?rest_route=\/wp\/v2\/pages\/18\/revisions\/443"}],"wp:attachment":[{"href":"https:\/\/www.prajzko-hronov.cz\/index.php?rest_route=%2Fwp%2Fv2%2Fmedia&parent=18"}],"curies":[{"name":"wp","href":"https:\/\/api.w.org\/{rel}","templated":true}]}}