{"id":14,"date":"2024-03-23T08:46:56","date_gmt":"2024-03-23T08:46:56","guid":{"rendered":"http:\/\/www.prajzko-hronov.cz\/?page_id=14"},"modified":"2025-04-27T04:03:23","modified_gmt":"2025-04-27T04:03:23","slug":"vikendova-nabidka","status":"publish","type":"page","link":"https:\/\/www.prajzko-hronov.cz\/?page_id=14","title":{"rendered":"V\u00edkendy ZAV\u0158ENO"},"content":{"rendered":"\n<p class=\"has-text-align-center has-large-font-size\"><strong>V\u00edkendov\u00e9 menu<\/strong><\/p>\n\n\n\n<p class=\"has-text-align-center has-large-font-size\"> Platba kartou mo\u017en\u00e9 pouze v restauraci.<\/p>\n\n\n\n<p class=\"has-text-align-center has-large-font-size\">Rezervace na telefonn\u00edm \u010d\u00edsle 774 263 983 \/ 777 883 895.<br>Hotov\u00e1 j\u00eddla vyd\u00e1v\u00e1me od 11 do 16 hodin. J\u00eddla V\u00e1m r\u00e1di zabal\u00edme s sebou.<br><br>1\/2 porce \u00fa\u010dtujeme 70% z ceny j\u00eddla (jen j\u00eddla u kter\u00fdch to je mo\u017en\u00e9).<\/p>\n\n\n\n<p class=\"has-text-align-center has-large-font-size\"><strong> V\u00edkendov\u00e9 menu  22.2. 202<\/strong>5<\/p>\n\n\n\n<figure class=\"wp-block-table is-style-stripes\"><table><tbody><tr><td><strong>Pol\u00e9vky<\/strong><\/td><td class=\"has-text-align-center\" data-align=\"center\"><\/td><\/tr><tr><td><strong>Hov\u011bz\u00ed   v\u00fdvar s j\u00e1trov\u00fdmi knedl\u00ed\u010dky a nudlemi  45,-<\/strong><br><strong>Krkono\u0161ks\u00e1  \u010desne\u010dka se s\u00fdrem a ope\u010den\u00fdm chlebem   45,-<\/strong><br><strong>Gul\u00e1\u0161ovka s uzeninou a  bramborem   45,-<\/strong><\/td><td class=\"has-text-align-center\" data-align=\"center\"><\/td><\/tr><\/tbody><\/table><\/figure>\n\n\n\n<figure class=\"wp-block-table is-style-stripes\"><table><tbody><tr><td><strong>  Hlavn\u00ed J\u00eddla <\/strong><\/td><td class=\"has-text-align-center\" data-align=\"center\"><\/td><\/tr><tr><td><strong>1. Sv\u00ed\u010dkov\u00e1 na smetan\u011b , zdoben\u00e1 brusinkami , houskov\u00fd a karlovarsk\u00fd knedl\u00edk <\/strong><\/td><td class=\"has-text-align-center\" data-align=\"center\"><strong>189,-<\/strong><\/td><\/tr><tr><td><strong>2. Pavli\u0161ovsk\u00fd \u0159\u00edzek se zel\u00edm,  houskov\u00fd knedl\u00edk &nbsp;&nbsp;&nbsp;&nbsp;&nbsp;<\/strong><\/td><td class=\"has-text-align-center\" data-align=\"center\"><strong>149,-<\/strong><\/td><\/tr><tr><td><strong>3. Marinovan\u00e1 krkovi\u010dka , sma\u017een\u00e9 cibulov\u00e9 krou\u017eky , americk\u00e9 brambory\/ hranolky, \u010desnekov\u00fd dip     <\/strong><\/td><td class=\"has-text-align-center\" data-align=\"center\"><strong>189,-<\/strong><\/td><\/tr><tr><td><strong>4. Ku\u0159ec\u00ed prs\u00ed\u010dka s bylinkov\u00fdm m\u00e1slem , petr\u017eelkov\u00e9  brambory\/ hranolky\/ americk\u00e9 brambory, \u010desnekov\u00fd dip      <\/strong><\/td><td class=\"has-text-align-center\" data-align=\"center\"><strong>179,-<\/strong><\/td><\/tr><tr><td><strong>5. Pikantn\u00ed masov\u00e9 nudli\u010dky se zeleninou , brambor\u00e1\u010dky\/ du\u0161en\u00e1 r\u00fd\u017ee\/ hranolky     <\/strong><strong> <\/strong><\/td><td class=\"has-text-align-center\" data-align=\"center\"><strong>179,-<\/strong><\/td><\/tr><tr><td><strong>6. Hov\u011bz\u00ed Flank steak ( pupek) se s\u00e1zen\u00fdm vejcem, petr\u017eelkov\u00e9 brambory\/ hranolky\/ americk\u00e9 brambory, \u010desnekov\u00fd dip    <\/strong><\/td><td class=\"has-text-align-center\" data-align=\"center\"><strong>279,-<\/strong><\/td><\/tr><tr><td><strong>7. Sma\u017een\u00e1 s\u00fdrov\u00e1 variace ( gouda\/hermel\u00edn) , petr\u017eelkov\u00e9 brambory\/ hranolky, tatarka      <\/strong><\/td><td class=\"has-text-align-center\" data-align=\"center\"><strong>155,-<\/strong><\/td><\/tr><tr><td><strong>8. Sma\u017een\u00fd s\u00fdr Gouda , petr\u017eelkov\u00e9 brambory\/ hranolky, tatarka <\/strong><\/td><td class=\"has-text-align-center\" data-align=\"center\"><strong>155,-<\/strong><\/td><\/tr><tr><td><strong>9. Sma\u017een\u00fd hermel\u00edn, petr\u017eelkov\u00e9 brambory\/ hranolky, tatarka <\/strong><\/td><td class=\"has-text-align-center\" data-align=\"center\"><strong>155,-<\/strong><\/td><\/tr><tr><td><strong>10. Sma\u017een\u00fd vep\u0159ov\u00fd \u0159\u00edzek, petr\u017eelkov\u00e9 brambory\/ hranolky , citr\u00f3n <\/strong><\/td><td class=\"has-text-align-center\" data-align=\"center\"><strong>155,-<\/strong><\/td><\/tr><tr><td><strong>11. Hov\u011bz\u00ed tatar\u00e1k ( m\u00edch\u00e1ny) , 4 ks topinek s \u010desnekem <\/strong><\/td><td class=\"has-text-align-center\" data-align=\"center\"><strong>219<\/strong>,-<\/td><\/tr><\/tbody><\/table><\/figure>\n\n\n\n<p><sup>Ceny uvedeny v\u010detn\u011b DPH.<\/sup><br><\/p>\n","protected":false},"excerpt":{"rendered":"<p>V\u00edkendov\u00e9 menu Platba kartou mo\u017en\u00e9 pouze v restauraci. Rezervace na telefonn\u00edm \u010d\u00edsle 774 263 983 \/ 777 883 895.Hotov\u00e1 j\u00eddla vyd\u00e1v\u00e1me od 11 do 16 hodin. J\u00eddla V\u00e1m r\u00e1di zabal\u00edme s sebou. 1\/2 porce \u00fa\u010dtujeme 70% z ceny j\u00eddla (jen &hellip; <\/p>\n<div class=\"read-more\"><a href=\"https:\/\/www.prajzko-hronov.cz\/?page_id=14\" class=\"more-link\">Read More<\/a><\/div>\n","protected":false},"author":1,"featured_media":0,"parent":0,"menu_order":0,"comment_status":"closed","ping_status":"closed","template":"","meta":{"footnotes":""},"class_list":["post-14","page","type-page","status-publish","hentry","entry"],"_links":{"self":[{"href":"https:\/\/www.prajzko-hronov.cz\/index.php?rest_route=\/wp\/v2\/pages\/14","targetHints":{"allow":["GET"]}}],"collection":[{"href":"https:\/\/www.prajzko-hronov.cz\/index.php?rest_route=\/wp\/v2\/pages"}],"about":[{"href":"https:\/\/www.prajzko-hronov.cz\/index.php?rest_route=\/wp\/v2\/types\/page"}],"author":[{"embeddable":true,"href":"https:\/\/www.prajzko-hronov.cz\/index.php?rest_route=\/wp\/v2\/users\/1"}],"replies":[{"embeddable":true,"href":"https:\/\/www.prajzko-hronov.cz\/index.php?rest_route=%2Fwp%2Fv2%2Fcomments&post=14"}],"version-history":[{"count":58,"href":"https:\/\/www.prajzko-hronov.cz\/index.php?rest_route=\/wp\/v2\/pages\/14\/revisions"}],"predecessor-version":[{"id":1010,"href":"https:\/\/www.prajzko-hronov.cz\/index.php?rest_route=\/wp\/v2\/pages\/14\/revisions\/1010"}],"wp:attachment":[{"href":"https:\/\/www.prajzko-hronov.cz\/index.php?rest_route=%2Fwp%2Fv2%2Fmedia&parent=14"}],"curies":[{"name":"wp","href":"https:\/\/api.w.org\/{rel}","templated":true}]}}