{"id":12,"date":"2024-03-23T08:46:42","date_gmt":"2024-03-23T08:46:42","guid":{"rendered":"http:\/\/www.prajzko-hronov.cz\/?page_id=12"},"modified":"2026-05-13T02:45:09","modified_gmt":"2026-05-13T02:45:09","slug":"denni-menu","status":"publish","type":"page","link":"https:\/\/www.prajzko-hronov.cz\/","title":{"rendered":"Otev\u0159eno pond\u011bl\u00ed a\u017e p\u00e1tek   10:30-14:00 hod :-)"},"content":{"rendered":"\n<p><\/p>\n\n\n\n<p><\/p>\n\n\n\n<p><strong>     <\/strong><br>Platba kartou mo\u017en\u00e1 pouze v restauraci.<\/p>\n\n\n\n<p class=\"has-text-align-center has-x-large-font-size\"><\/p>\n\n\n\n<p><\/p>\n\n\n\n<p class=\"has-text-align-center has-x-large-font-size\">V\u00fddej denn\u00edho menu 10:30-14:00 hod.<br><strong>Objedn\u00e1vky <strong>na rozvoz 7.30. &#8211; maxim\u00e1ln\u011b do 10.00!!!<\/strong>, d\u011bkujme za pochopen\u00ed . na telefonn\u00edch \u010d\u00edslech: <\/strong><\/p>\n\n\n\n<p class=\"has-text-align-center has-x-large-font-size\"><strong>774 263 983\/ 777 883 895 <\/strong><br>Rozvoz v okol\u00ed Hronova (5 km) zdarma od 1 ob\u011bda, platba pouze v hotovosti nebo stravenkou.<br>Rozvoz ob\u011bd\u016f N\u00e1chod a \u010cerven\u00fd Kostelec minim\u00e1ln\u011b <strong>2 <\/strong>ob\u011bdy, platba hotov\u011b nebo stravenkami.<br>1\/2 porce \u00fa\u010dtujeme 70% z ceny j\u00eddla (jen j\u00eddla u kter\u00fdch to je mo\u017en\u00e9).<\/p>\n\n\n\n<p class=\"has-text-align-center has-large-font-size\"><strong>Menu 1,2,3 je v cen\u011b s pol\u00e9vkou za 25,-<\/strong>Minim\u00e1ln\u00ed v\u00e1ha masa v syrov\u00e9m stavu je 130-150g !!!!<\/p>\n\n\n\n<p class=\"has-text-align-center has-large-font-size\"><strong>Objedn\u00e1vky na rozvoz 7.30-10.15 . <\/strong><\/p>\n\n\n\n<p class=\"has-text-align-center has-large-font-size\"><strong>Pond\u011bl\u00ed 11.5.2026 <\/strong><\/p>\n\n\n\n<figure class=\"wp-block-table aligncenter is-style-stripes\"><table><tbody><tr><td class=\"has-text-align-left\" data-align=\"left\"><strong>Pol\u00e9vky: Dr\u016fbe\u017e\u00ed v\u00fdvar s nudlemi  25,-\/ Ma\u010farsk\u00e1 gul\u00e1\u0161ov\u00e1 s uzeninou a bramborem  39,-<\/strong><\/td><td class=\"has-text-align-center\" data-align=\"center\"><strong>cena bez pol\u00e9vky <\/strong><\/td><td class=\"has-text-align-center\" data-align=\"center\"><strong>cena s pol\u00e9vkou za 25,- <\/strong><\/td><\/tr><tr><td class=\"has-text-align-left\" data-align=\"left\"><strong>1.150g Vep\u0159ov\u00e1 k\u00fdta na houb\u00e1ch , du\u0161en\u00e1 r\u00fd\u017ee \/ houskov\u00fd knedl\u00edk +pol <\/strong><\/td><td class=\"has-text-align-center\" data-align=\"center\"><strong>154,-<\/strong><\/td><td class=\"has-text-align-center\" data-align=\"center\"><strong>154,-<\/strong><\/td><\/tr><tr><td class=\"has-text-align-left\" data-align=\"left\"><strong>2.150g Ku\u0159ec\u00ed steak zape\u010den\u00fd s\u00fdrem gouda a uzen\u00fdm s\u00fdrem, va\u0159en\u00e9 brambory\/ hranolky \/  du\u0161en\u00e1 r\u00fd\u017ee +pol <\/strong><\/td><td class=\"has-text-align-center\" data-align=\"center\"><strong>154,-<\/strong><\/td><td class=\"has-text-align-center\" data-align=\"center\"><strong>154,-<\/strong><\/td><\/tr><tr><td class=\"has-text-align-left\" data-align=\"left\"><strong>3.150g Pytl\u00e1ck\u00e1 masov\u00e1 sm\u011bs, brambor\u00e1\u010dky \/ du\u0161en\u00e1 r\u00fd\u017ee\/ hranolky  <strong>+pol<\/strong> <\/strong><\/td><td class=\"has-text-align-center\" data-align=\"center\"><strong>154,-<\/strong><\/td><td class=\"has-text-align-center\" data-align=\"center\"><strong>154,-<\/strong><\/td><\/tr><tr><td class=\"has-text-align-left\" data-align=\"left\"><strong>4.180g Marinovan\u00e1 krkovi\u010dka na barevn\u00e9m pep\u0159i  , va\u0159en\u00e9 brambory \/ hranolky ,  dip <\/strong><\/td><td class=\"has-text-align-center\" data-align=\"center\"><strong>155,-<\/strong><\/td><td class=\"has-text-align-center\" data-align=\"center\"><\/td><\/tr><tr><td class=\"has-text-align-left\" data-align=\"left\"><strong>5.250g Fit : \u0160pagety s ku\u0159ecimi kousky, bolo\u0148skou om\u00e1\u010dkou, sypan\u00e9 s\u00fdrem gouda  <\/strong><\/td><td class=\"has-text-align-center\" data-align=\"center\"><strong>149,-<\/strong> <\/td><td class=\"has-text-align-center\" data-align=\"center\"><\/td><\/tr><tr><td class=\"has-text-align-left\" data-align=\"left\"><strong>6.150g Sma\u017een\u00e1 s\u00fdrov\u00e1 variace ( gouda\/ hermel\u00edn), va\u0159en\u00e9  brambory\/ hranolky, tatarka <\/strong><br><\/td><td class=\"has-text-align-center\" data-align=\"center\"><strong>149,-<\/strong><\/td><td class=\"has-text-align-center\" data-align=\"center\"><\/td><\/tr><tr><td class=\"has-text-align-left\" data-align=\"left\"><strong>7.120g Sma\u017een\u00fd s\u00fdr Gouda  \/ va\u0159en\u00e9 brambory\/ hranolky, tatarka<\/strong><\/td><td class=\"has-text-align-center\" data-align=\"center\"><strong>149,-<\/strong><\/td><td class=\"has-text-align-center\" data-align=\"center\"><\/td><\/tr><\/tbody><\/table><\/figure>\n\n\n\n<p class=\"has-text-align-center has-large-font-size\"><strong>OTEV\u0158ENO 10.30. &#8211; 14.00. \u00dater\u00fd 12.5. 2026 <\/strong><\/p>\n\n\n\n<p class=\"has-text-align-center has-large-font-size\"><strong>Objedn\u00e1vky na rozvoz 7.30. &#8211; 10.15!!! <\/strong><\/p>\n\n\n\n<figure class=\"wp-block-table aligncenter is-style-stripes\"><table><tbody><tr><td><\/td><td class=\"has-text-align-left\" data-align=\"left\"><strong>Pol\u00e9vka: Ku\u0159ec\u00ed v\u00fdvar s kap\u00e1n\u00edm  25,- \/ Vala\u0161sk\u00e1 kyselica s bramborem  39,- <\/strong>\/ <strong>Ma\u010farsk\u00e1 gul\u00e1\u0161ov\u00e1 s bramborem  35,- <\/strong><br><\/td><td class=\"has-text-align-center\" data-align=\"center\">Cena bez pol\u00e9vky<\/td><td class=\"has-text-align-center\" data-align=\"center\">Cena s pol\u00e9vkou za 25,- <\/td><\/tr><tr><td><\/td><td class=\"has-text-align-left\" data-align=\"left\"><\/td><td class=\"has-text-align-center\" data-align=\"center\"><\/td><td class=\"has-text-align-center\" data-align=\"center\"><\/td><\/tr><tr><td><\/td><td class=\"has-text-align-left\" data-align=\"left\"><strong>1. 150g Vep\u0159ov\u00fd gul\u00e1\u0161 s cibulkou  , t\u011bstoviny \/ houskov\u00fd knedl\u00edk <\/strong><strong>+ po<\/strong>l<\/td><td class=\"has-text-align-center\" data-align=\"center\"><strong>154,-<\/strong><\/td><td class=\"has-text-align-center\" data-align=\"center\"><strong>154,-<\/strong><\/td><\/tr><tr><td><\/td><td class=\"has-text-align-left\" data-align=\"left\"><strong>2.150g Ku\u0159ec\u00ed prs\u00ed\u010dka v pivn\u00edm t\u011bst\u00ed\u010dku , bramborov\u00e1 ka\u0161e \/ va\u0159en\u00e9 brambory \/  hranolky, tatarka +pol <\/strong><\/td><td class=\"has-text-align-center\" data-align=\"center\"><strong>154,-<\/strong><\/td><td class=\"has-text-align-center\" data-align=\"center\"><strong>154,-<\/strong><\/td><\/tr><tr><td><\/td><td class=\"has-text-align-left\" data-align=\"left\"><strong>3.150g Kat\u016fv \u0161leh, brambor\u00e1\u010dky\/ du\u0161en\u00e1 r\u00fd\u017ee\/ hranolky  + pol <\/strong><\/td><td class=\"has-text-align-center\" data-align=\"center\"><strong>154,-<\/strong><\/td><td class=\"has-text-align-center\" data-align=\"center\"><strong>154,-<\/strong><\/td><\/tr><tr><td><\/td><td class=\"has-text-align-left\" data-align=\"left\"><strong>4.180g Grilovan\u00e9 medail\u00f3nky z kotlety , restovan\u00e9 fazolov\u00e9 lusky , bramborov\u00e1 ka\u0161e \/ va\u0159en\u00e9 brambory  \/ hranolky , \u010desnekov\u00fd dip <\/strong><\/td><td class=\"has-text-align-center\" data-align=\"center\"><strong>155,-<\/strong><\/td><td class=\"has-text-align-center\" data-align=\"center\"><\/td><\/tr><tr><td><\/td><td class=\"has-text-align-left\" data-align=\"left\"><strong>5. 250g Fit: <strong>Bramborov\u00e9 noky s ku\u0159ec\u00edmi kousky , h\u0159\u00edbky, smetanou a parmaz\u00e1nem  <\/strong> <\/strong><\/td><td class=\"has-text-align-center\" data-align=\"center\"><strong>149,-<\/strong><strong> <\/strong><\/td><td class=\"has-text-align-center\" data-align=\"center\"><\/td><\/tr><tr><td><\/td><td class=\"has-text-align-left\" data-align=\"left\"><strong>6.150g Sma\u017een\u00e1 niva  , va\u0159en\u00e9 brambory\/ ope\u010den\u00e9 brambory \/ hranolky, tatarka <\/strong><\/td><td class=\"has-text-align-center\" data-align=\"center\"><strong>149,-<\/strong><\/td><td class=\"has-text-align-center\" data-align=\"center\"><\/td><\/tr><tr><td><\/td><td class=\"has-text-align-left\" data-align=\"left\"><strong>7. 250g Vep\u0159ov\u00fd gul\u00e1\u0161 s cibulkou, \u010derstv\u00fd chl\u00e9b  + pol <\/strong><\/td><td class=\"has-text-align-center\" data-align=\"center\"><strong>145,-<\/strong><\/td><td class=\"has-text-align-center\" data-align=\"center\"><strong>145,-<\/strong><\/td><\/tr><tr><td><\/td><td class=\"has-text-align-left\" data-align=\"left\"><strong>8. 150g Steak z Krkovi\u010dky na barevn\u00e9m pep\u0159i, va\u0159en\u00e9 brambory\/ hranolky + pol <\/strong><\/td><td class=\"has-text-align-center\" data-align=\"center\"><\/td><td class=\"has-text-align-center\" data-align=\"center\"><strong>149,-<\/strong><\/td><\/tr><tr><td><\/td><td class=\"has-text-align-left\" data-align=\"left\"><strong>9. 120g Sma\u017een\u00fd s\u00fdr Gouda, ope\u010den\u00e9 brambory\/ va\u0159en\u00e9 brambory\/ hranolky, tatarka <\/strong><\/td><td class=\"has-text-align-center\" data-align=\"center\"><strong>149,-<\/strong><\/td><td class=\"has-text-align-center\" data-align=\"center\"><\/td><\/tr><\/tbody><\/table><\/figure>\n\n\n\n<p class=\"has-text-align-center has-large-font-size\"><strong>Otev\u0159eno<\/strong> <strong>St\u0159eda 13.5.2026 10.30-14.00<\/strong><\/p>\n\n\n\n<p class=\"has-text-align-center has-large-font-size\"><strong>Objedn\u00e1vky na rozvoz 7.30. &#8211; 10.15!!! <\/strong><\/p>\n\n\n\n<figure class=\"wp-block-table aligncenter is-style-stripes\"><table><tbody><tr><td class=\"has-text-align-left\" data-align=\"left\"><strong>Pol\u00e9vka: Ovarov\u00e1 s kroupami 25,-\/ Frankfurtsk\u00e1 s uzeninou a bramborem 39,- <\/strong>\/ <strong>Zeln\u00e1 s klob\u00e1sou a bramborem  33,-<\/strong> <\/td><td class=\"has-text-align-center\" data-align=\"center\">Cena bez pol\u00e9vky<\/td><td class=\"has-text-align-center\" data-align=\"center\">Cena s pol\u00e9vkou za 25,-<\/td><\/tr><tr><td class=\"has-text-align-left\" data-align=\"left\"><\/td><td class=\"has-text-align-center\" data-align=\"center\"><\/td><td class=\"has-text-align-center\" data-align=\"center\"><\/td><\/tr><tr><td class=\"has-text-align-left\" data-align=\"left\"><strong>1. 150g Moravsk\u00fd vrabec se zel\u00edm\/ \u0161pen\u00e1tem, bramborov\u00e9 \u0161pal\u00ed\u010dky\/ houskov\u00fd knedl\u00edk  +pol<\/strong><\/td><td class=\"has-text-align-center\" data-align=\"center\"><strong>154,-<\/strong><\/td><td class=\"has-text-align-center\" data-align=\"center\"><strong>154,-<\/strong><\/td><\/tr><tr><td class=\"has-text-align-left\" data-align=\"left\"><strong>2. 180g \u010cevab\u010di\u010di s ho\u0159\u010dic\u00ed a cibulkou, ma\u010dkan\u00e9 brambory \/ hranolky ( tatarka ) +pol<\/strong><\/td><td class=\"has-text-align-center\" data-align=\"center\"><strong>154,-<\/strong><\/td><td class=\"has-text-align-center\" data-align=\"center\"><strong>154,-<\/strong><\/td><\/tr><tr><td class=\"has-text-align-left\" data-align=\"left\"><strong>3. 150g Anglick\u00e1 vep\u0159ov\u00e1 j\u00e1tra, ma\u010dkan\u00e9  brambory\/ hranolky, tatarka +pol<\/strong><\/td><td class=\"has-text-align-center\" data-align=\"center\"><strong>154,-<\/strong><\/td><td class=\"has-text-align-center\" data-align=\"center\"><strong>154,-<\/strong><\/td><\/tr><tr><td class=\"has-text-align-left\" data-align=\"left\"><strong>4. 180g Sma\u017een\u00e1 ku\u0159ec\u00ed prs\u00ed\u010dka pln\u011bn\u00e1 \u0161unkou a nivou , ma\u010dkan\u00e9 brambory\/ hranolky  ,tatarka  <\/strong><\/td><td class=\"has-text-align-center\" data-align=\"center\"><strong>155,-<\/strong><\/td><td class=\"has-text-align-center\" data-align=\"center\"><\/td><\/tr><tr><td class=\"has-text-align-left\" data-align=\"left\"><strong>5. 250g Fit : C\u00e9sar Sal\u00e1t  s ku\u0159ec\u00edm masem, krut\u00f3ny a parmaz\u00e1nem \/ bez masa  <\/strong><\/td><td class=\"has-text-align-center\" data-align=\"center\"><strong>149,-<\/strong>\/ <strong>129,-<\/strong><\/td><td class=\"has-text-align-center\" data-align=\"center\"><\/td><\/tr><tr><td class=\"has-text-align-left\" data-align=\"left\"><strong>6. 120g Sma\u017een\u00fd s\u00fdrov\u00fd \u0161p\u00edz ( gouda, hermel\u00edn, eidam )  , ma\u010dkan\u00e9  brambory\/ hranolky, tatarka <\/strong><\/td><td class=\"has-text-align-center\" data-align=\"center\"><strong>149,-<\/strong><\/td><td class=\"has-text-align-center\" data-align=\"center\"><\/td><\/tr><tr><td class=\"has-text-align-left\" data-align=\"left\"><strong>7. 200g Selsk\u00fd tal\u00ed\u0159 ( moravsk\u00fd vrabec, uzen\u00e1 krkovice) se zel\u00edm\/ \u0161pen\u00e1tem, bramborov\u00e9 \u0161pal\u00ed\u010dky  \/ houskov\u00fd knedl\u00edk + pol <\/strong><\/td><td class=\"has-text-align-center\" data-align=\"center\"><\/td><td class=\"has-text-align-center\" data-align=\"center\"><strong>159,-<\/strong><\/td><\/tr><tr><td class=\"has-text-align-left\" data-align=\"left\">8. <strong>150g Vep\u0159ov\u00fd gul\u00e1\u0161 s cibulkou , t\u011bstoviny \/ houskov\u00fd knedl\u00edk + po<\/strong>l<\/td><td class=\"has-text-align-center\" data-align=\"center\"><strong>145,-<\/strong><\/td><td class=\"has-text-align-center\" data-align=\"center\"><strong>145,-<\/strong><\/td><\/tr><tr><td class=\"has-text-align-left\" data-align=\"left\">9. <strong>150g Ku\u0159ec\u00ed prs\u00ed\u010dka v pivn\u00edm t\u011bst\u00ed\u010dku , ma\u010dkan\u00e9  brambory \/ hranolky, tatarka +pol<\/strong><\/td><td class=\"has-text-align-center\" data-align=\"center\"><strong>145,-<\/strong><\/td><td class=\"has-text-align-center\" data-align=\"center\"><strong>145,-<\/strong><\/td><\/tr><tr><td class=\"has-text-align-left\" data-align=\"left\">10. <strong>150g Kat\u016fv \u0161leh, brambor\u00e1\u010dky\/ du\u0161en\u00e1 r\u00fd\u017ee\/ hranolky + pol <\/strong><\/td><td class=\"has-text-align-center\" data-align=\"center\"><strong>145,-<\/strong><\/td><td class=\"has-text-align-center\" data-align=\"center\"><strong>145,-<\/strong><\/td><\/tr><\/tbody><\/table><\/figure>\n\n\n\n<p class=\"has-text-align-center has-large-font-size\"><strong>\u010cTVRTEK 14.5. 2026 10.30-14.00 <\/strong><\/p>\n\n\n\n<p class=\"has-text-align-center has-large-font-size\"><strong>Objedn\u00e1vky na rozvoz 7.30 do 10.15!!! <\/strong><\/p>\n\n\n\n<div class=\"wp-block-columns is-layout-flex wp-container-core-columns-is-layout-9d6595d7 wp-block-columns-is-layout-flex\">\n<div class=\"wp-block-column is-layout-flow wp-block-column-is-layout-flow\" style=\"flex-basis:100%\">\n<figure class=\"wp-block-table aligncenter is-style-stripes\"><table><tbody><tr><td class=\"has-text-align-left\" data-align=\"left\"><strong>Pol\u00e9vka : Slepi\u010d\u00ed v\u00fdvar s t\u011bstovinovou r\u00fd\u017e\u00ed  25,- \/ Hrachov\u00e1 s klob\u00e1sou a ope\u010den\u00fdm chlebem  39,- <\/strong><\/td><td class=\"has-text-align-center\" data-align=\"center\"><strong> Cena bez pol\u00e9vky<\/strong><\/td><td class=\"has-text-align-center\" data-align=\"center\"><strong>Cena s pol\u00e9vkou za 25,-<\/strong><\/td><\/tr><tr><td class=\"has-text-align-left\" data-align=\"left\"><strong>1. 150g Znojemsk\u00fd vep\u0159ov\u00fd kotlet , du\u0161en\u00e1 r\u00fd\u017ee\/ houskov\u00fd knedl\u00edk + pol <\/strong><\/td><td class=\"has-text-align-center\" data-align=\"center\"><\/td><td class=\"has-text-align-center\" data-align=\"center\"><strong>154,<\/strong>&#8211;<\/td><\/tr><tr><td class=\"has-text-align-left\" data-align=\"left\"><strong>2. 250g Sma\u017een\u00e9 ku\u0159ec\u00ed stehno , bramborov\u00e1 ka\u0161e\/ bramborov\u00fd sal\u00e1t , kysel\u00e1 okurka  <\/strong><strong>+ pol <\/strong><\/td><td class=\"has-text-align-center\" data-align=\"center\"><\/td><td class=\"has-text-align-center\" data-align=\"center\"><strong>154,-<\/strong><\/td><\/tr><tr><td class=\"has-text-align-left\" data-align=\"left\"><strong>3.250g \u010co\u010dka na kyselo,uzen\u00e1 krkovice , kysel\u00e1 okurka, cibulka + pol <\/strong><\/td><td class=\"has-text-align-center\" data-align=\"center\"><\/td><td class=\"has-text-align-center\" data-align=\"center\"><strong>154,-<\/strong><\/td><\/tr><tr><td class=\"has-text-align-left\" data-align=\"left\"><strong>4. 180g Sma\u017een\u00fd mix \u0159\u00edzk\u016f ( ku\u0159ec\u00ed a vep\u0159ov\u00fd ) , bramborov\u00fd sal\u00e1t \/ bramborov\u00e1 ka\u0161e, citr\u00f3n \/  hranolky, tatarka <\/strong><\/td><td class=\"has-text-align-center\" data-align=\"center\"><strong>155,-<\/strong><\/td><td class=\"has-text-align-center\" data-align=\"center\"><\/td><\/tr><tr><td class=\"has-text-align-left\" data-align=\"left\"><strong>5. 250g Fit : Ku\u0159ec\u00ed rizoto se zeleninou , sypan\u00e9 s\u00fdrem, \u010derven\u00e1 \u0159epa <\/strong><\/td><td class=\"has-text-align-center\" data-align=\"center\"><strong>149,-<\/strong><\/td><td class=\"has-text-align-center\" data-align=\"center\"><\/td><\/tr><tr><td class=\"has-text-align-left\" data-align=\"left\"><strong>6. 120.g Sma\u017een\u00fd s\u00fdr Eidam , va\u0159en\u00e9 brambory \/ hranolky, tatarka <\/strong><\/td><td class=\"has-text-align-center\" data-align=\"center\"><strong>149,-<\/strong><\/td><td class=\"has-text-align-center\" data-align=\"center\"><\/td><\/tr><tr><td class=\"has-text-align-left\" data-align=\"left\"><strong>7. 180g  3ks S\u00e1zen\u00e9 vejce, \u010do\u010dka na kyselo, kysel\u00e1 okurka, cibulka + pol <\/strong><\/td><td class=\"has-text-align-center\" data-align=\"center\"><strong>149,-<\/strong><\/td><td class=\"has-text-align-center\" data-align=\"center\"><strong>149,-<\/strong><\/td><\/tr><\/tbody><\/table><\/figure>\n<\/div>\n<\/div>\n\n\n\n<div class=\"wp-block-columns is-layout-flex wp-container-core-columns-is-layout-9d6595d7 wp-block-columns-is-layout-flex\">\n<div class=\"wp-block-column is-layout-flow wp-block-column-is-layout-flow\" style=\"flex-basis:100%\"><\/div>\n<\/div>\n\n\n\n<p><strong> <\/strong><\/p>\n\n\n\n<p class=\"has-text-align-center has-x-large-font-size\"><strong>P\u00e1tek 15.5.2026 <\/strong>Otev\u0159eno<\/p>\n\n\n\n<p class=\"has-text-align-center has-x-large-font-size\"><strong>Objedn\u00e1vky na rozvoz 7.30 &#8211; 10.15 !!! <\/strong><\/p>\n\n\n\n<div class=\"wp-block-columns is-layout-flex wp-container-core-columns-is-layout-9d6595d7 wp-block-columns-is-layout-flex\">\n<div class=\"wp-block-column is-layout-flow wp-block-column-is-layout-flow\">\n<p><\/p>\n<\/div>\n\n\n\n<div class=\"wp-block-column is-layout-flow wp-block-column-is-layout-flow\"><\/div>\n<\/div>\n\n\n\n<figure class=\"wp-block-table aligncenter is-style-stripes\"><table><tbody><tr><td class=\"has-text-align-left\" data-align=\"left\"><\/td><td class=\"has-text-align-center\" data-align=\"center\"><\/td><td class=\"has-text-align-center\" data-align=\"center\"><\/td><\/tr><tr><td class=\"has-text-align-left\" data-align=\"left\"><strong>Pol\u00e9vka: 0,45l  \u010cesne\u010dka s ope\u010den\u00fdm chlebem  25,- \/ \u010co\u010dkov\u00e1 s p\u00e1rkem a klob\u00e1sou  39,- <\/strong><\/td><td class=\"has-text-align-center\" data-align=\"center\">Cena bez pol\u00e9vky<\/td><td class=\"has-text-align-center\" data-align=\"center\">Cena s pol\u00e9vkou za 25,-<\/td><\/tr><tr><td class=\"has-text-align-left\" data-align=\"left\"><strong>1. 150g Vep\u0159ov\u00e1 j\u00e1tra na slanin\u011b a cibulce <\/strong><strong>, du\u0161en\u00e1 r\u00fd\u017ee \/ houskov\u00fd knedl\u00edk\/ t\u011bstoviny + pol<\/strong><\/td><td class=\"has-text-align-center\" data-align=\"center\"><\/td><td class=\"has-text-align-center\" data-align=\"center\"><strong>154,-<\/strong><\/td><\/tr><tr><td class=\"has-text-align-left\" data-align=\"left\"><strong>2. 200g Sma\u017een\u00fd kv\u011bt\u00e1k, va\u0159en\u00e9 brambory\/ hranolky, tatarka + pol.<\/strong><\/td><td class=\"has-text-align-center\" data-align=\"center\"><\/td><td class=\"has-text-align-center\" data-align=\"center\"><strong>154,-<\/strong><\/td><\/tr><tr><td class=\"has-text-align-left\" data-align=\"left\"><strong>3. 150g Mexick\u00e1 masov\u00e1 sm\u011bs, brambor\u00e1\u010dky\/ du\u0161en\u00e1 r\u00fd\u017ee\/ hranolky  + pol <\/strong><\/td><td class=\"has-text-align-center\" data-align=\"center\"><\/td><td class=\"has-text-align-center\" data-align=\"center\"><strong>154,-<\/strong><\/td><\/tr><tr><td class=\"has-text-align-left\" data-align=\"left\"><strong>4.180g Marinovan\u00e1 krkovi\u010dka s v\u00edde\u0148skou cibulkou , va\u0159en\u00e9 brambory\/ , ope\u010den\u00e9 brambory \/ hranolky , \u010desnekov\u00fd dip <\/strong><\/td><td class=\"has-text-align-center\" data-align=\"center\"><strong>155,-<\/strong><\/td><td class=\"has-text-align-center\" data-align=\"center\"><\/td><\/tr><tr><td class=\"has-text-align-left\" data-align=\"left\"><strong>5. 250g FIT : <\/strong> ????<\/td><td class=\"has-text-align-center\" data-align=\"center\"><strong>149,-<\/strong><\/td><td class=\"has-text-align-center\" data-align=\"center\"><\/td><\/tr><tr><td class=\"has-text-align-left\" data-align=\"left\"><strong>6.180g Sma\u017een\u00fd ku\u0159ec\u00ed \u0159\u00edzek pln\u011bn\u00fd \u0161unkou a tvar\u016f\u017eky, va\u0159en\u00e9 brambory\/ hranolky, tatarka <\/strong><\/td><td class=\"has-text-align-center\" data-align=\"center\"><strong>155,-<\/strong><\/td><td class=\"has-text-align-center\" data-align=\"center\"><\/td><\/tr><tr><td class=\"has-text-align-left\" data-align=\"left\"><strong>7.120g Sma\u017een\u00fd s\u00fdr Gouda, va\u0159en\u00e9 brambory\/ hranolky, tatarka + pol<\/strong><\/td><td class=\"has-text-align-center\" data-align=\"center\"><strong>145,-<\/strong><\/td><td class=\"has-text-align-center\" data-align=\"center\"><strong>145,-<\/strong><\/td><\/tr><\/tbody><\/table><\/figure>\n\n\n\n<p><\/p>\n","protected":false},"excerpt":{"rendered":"<p>Platba kartou mo\u017en\u00e1 pouze v restauraci. V\u00fddej denn\u00edho menu 10:30-14:00 hod.Objedn\u00e1vky na rozvoz 7.30. &#8211; maxim\u00e1ln\u011b do 10.00!!!, d\u011bkujme za pochopen\u00ed . na telefonn\u00edch \u010d\u00edslech: 774 263 983\/ 777 883 895 Rozvoz v okol\u00ed Hronova (5 km) zdarma od 1 &hellip; <\/p>\n<div class=\"read-more\"><a href=\"https:\/\/www.prajzko-hronov.cz\/\" class=\"more-link\">Read More<\/a><\/div>\n","protected":false},"author":1,"featured_media":0,"parent":0,"menu_order":0,"comment_status":"closed","ping_status":"closed","template":"","meta":{"footnotes":""},"class_list":["post-12","page","type-page","status-publish","hentry","entry"],"_links":{"self":[{"href":"https:\/\/www.prajzko-hronov.cz\/index.php?rest_route=\/wp\/v2\/pages\/12","targetHints":{"allow":["GET"]}}],"collection":[{"href":"https:\/\/www.prajzko-hronov.cz\/index.php?rest_route=\/wp\/v2\/pages"}],"about":[{"href":"https:\/\/www.prajzko-hronov.cz\/index.php?rest_route=\/wp\/v2\/types\/page"}],"author":[{"embeddable":true,"href":"https:\/\/www.prajzko-hronov.cz\/index.php?rest_route=\/wp\/v2\/users\/1"}],"replies":[{"embeddable":true,"href":"https:\/\/www.prajzko-hronov.cz\/index.php?rest_route=%2Fwp%2Fv2%2Fcomments&post=12"}],"version-history":[{"count":1260,"href":"https:\/\/www.prajzko-hronov.cz\/index.php?rest_route=\/wp\/v2\/pages\/12\/revisions"}],"predecessor-version":[{"id":1785,"href":"https:\/\/www.prajzko-hronov.cz\/index.php?rest_route=\/wp\/v2\/pages\/12\/revisions\/1785"}],"wp:attachment":[{"href":"https:\/\/www.prajzko-hronov.cz\/index.php?rest_route=%2Fwp%2Fv2%2Fmedia&parent=12"}],"curies":[{"name":"wp","href":"https:\/\/api.w.org\/{rel}","templated":true}]}}